{"id":729,"date":"2019-01-18T18:43:09","date_gmt":"2019-01-18T21:43:09","guid":{"rendered":"https:\/\/wp.terminalquequen.com.ar\/?page_id=729"},"modified":"2023-02-27T11:15:07","modified_gmt":"2023-02-27T14:15:07","slug":"politica","status":"publish","type":"page","link":"https:\/\/wp.terminalquequen.com.ar\/?page_id=729","title":{"rendered":"Pol\u00edticas SIG"},"content":{"rendered":"<blockquote><p><strong>POLITICA SISTEMA INTEGRADO DE GESTION <\/strong>&#8211; Versi\u00f3n 0.7<\/p><\/blockquote>\n<p>TERMINAL QUEQUEN S.A. fundada en 1992,\u00a0como resultado\u00a0de la licitaci\u00f3n nacional e\u00a0internacional que realizara el\u00a0<em>Ministerio de Econom\u00eda de la Naci\u00f3n<\/em>\u00a0con el objeto de\u00a0dar\u00a0en\u00a0concesi\u00f3n por 30 a\u00f1os los elevadores de la\u00a0<em>Ex-Junta Nacional de Granos<\/em>.\u00a0La empresa est\u00e1\u00a0conformada por un grupo empresario: instituciones, empresas industriales y exportadoras,\u00a0todas vinculadas a la comercializaci\u00f3n de granos.\u00a0La actividad de la terminal comprende el\u00a0servicio de recepci\u00f3n de mercader\u00eda v\u00eda cami\u00f3n y\/o tren, su acondicionamiento, almacenaje y\u00a0posterior despacho a buques de ultramar.\u00a0Cereales como trigo, ma\u00edz, soja, y subproductos de la\u00a0industria oleaginosa son habitualmente comercializados.\u00a0El desaf\u00edo de la empresa\u00a0desde el\u00a0inicio, fue demostrar que la actividad privada puede asumir el control del Elevador Terminal,\u00a0cumpliendo satisfactoriamente la requisitoria del sector.<\/p>\n<p>A trav\u00e9s de todos sus integrantes asume el compromiso de implementar y mantener un\u00a0Sistema Integrado de Gesti\u00f3n, cumpliendo con los lineamientos de las Normas\u00a0ISO\u00a045001,\u00a0ISO 9001 e ISO 14001.<\/p>\n<p>Consciente de la responsabilidad que esto implica, se asignar\u00e1n los recursos humanos y\u00a0materiales necesarios para cumplirla, como as\u00ed tambi\u00e9n har\u00e1 comprender a todos y cada uno\u00a0de los miembros de la empresa la responsabilidad que les compete en el logro de este objetivo\u00a0desde sus puestos de trabajo.\u00a0De acuerdo a lo expuesto, la empresa asume el compromiso de cumplir los siguientes\u00a0principios:<\/p>\n <style type=\"text\/css\" scoped=\"scoped\"> .list-6a017e2a12635 ul {margin: 0;} .list-6a017e2a12635 li{list-style-type: none;padding-bottom: .8em;position: relative;padding-left: 2em;font-size:12px}\r\n\t\t\t.list-6a017e2a12635 li i{text-align: center;width: 1.6em;height: 1.6em;line-height: 1.6em;position: absolute;top: 0;\r\n\t\t\t\tleft: 0;background-color: ;color: #ff5252;} \r\n\t\t\t.list-6a017e2a12635-icon-list-circle li i {border-radius: 50%;} .list-6a017e2a12635-icon-list-square li i {border-radius: 0;} <\/style><ul class=\"magee-icon-list  list-6a017e2a12635\" id=\"\"> <li><i class=\"fa fa-check\"><\/i> Establecer, documentar y mantener, mejor\u00e1ndolo en forma continua, un Sistema\u00a0Integrado de Gesti\u00f3n, adecuado a la naturaleza y magnitud de la empresa, en\u00a0 el cual\u00a0se interrelacione la Calidad, el Control Ambiental, y la Seguridad y Salud\u00a0Ocupacional de su Personal, Contratistas y Partes interesadas.<\/li> <li><i class=\"fa fa-check\"><\/i> Con el establecimiento y revisi\u00f3n de los Objetivos y Metas del Sistema\u00a0Integrado de\u00a0 Gesti\u00f3n.<\/li> <li><i class=\"fa fa-check\"><\/i> Con todos los Requisitos Legales y otros requisitos vigentes que le sean\u00a0aplicables o que subscriba.<\/li><li><i class=\"fa fa-check\"><\/i> Mantener el Enfoque en el Cliente, atendiendo a sus expectativas y\u00a0necesidades espec\u00edficas. Esto implicar\u00e1 el uso de metodolog\u00edas adecuadas\u00a0para la utilizaci\u00f3n de servicios y productos que maximicen la relaci\u00f3n\u00a0calidad de servicio\/precio.<\/li><li><i class=\"fa fa-check\"><\/i> Compromiso para proporcionar condiciones de trabajo seguras y saludables<br \/>\npara la prevenci\u00f3n de lesiones y deterioro de la salud relacionados con el trabajo, eliminando los peligros y reduciendo los riesgos, de sus empleados, contratistas y la comunidad, y proteger el medio ambiente, controlando y minimizando las fuentes de contaminaci\u00f3n productos de sus actividades.<\/li><li><i class=\"fa fa-check\"><\/i> Formaci\u00f3n, sensibilizaci\u00f3n, participaci\u00f3n y consulta de los trabajadores y representantes de los trabajadores, comprometi\u00e9ndolos con la responsabilidad de la prevenci\u00f3n de la contaminaci\u00f3n y riesgos laborales prevenci\u00f3n de los\u00a0da\u00f1os, deterioros de la salud, manteniendo una buena relaci\u00f3n con la Comunidad y el Medio Ambiente de los cuales forma parte.<\/li><li><i class=\"fa fa-check\"><\/i> Responder eficazmente a las emergencias o accidentes resultantes de sus\u00a0operaciones, cooperando con las organizaciones industriales relacionadas y\u00a0autoridades competentes en el tema.<\/li><li><i class=\"fa fa-check\"><\/i> Establecer y mantener un proceso de sensibilizaci\u00f3n con el objetivo de lograr la igualdad de g\u00e9nero, mediante una mesa de di\u00e1logo y trabajo entre representantes de la empresa y representantes del sindicato.<\/li><\/ul>\n<p>La Gerencia de TERMINAL QUEQUEN S.A. se compromete a comunicar esta\u00a0Pol\u00edtica a la totalidad de su Personal, Contratistas y partes interesadas; verificando que\u00a0la misma haya sido comprendida y a revisarla peri\u00f3dicamente para asegurar que sigue\u00a0siendo pertinente y apropiada para la organizaci\u00f3n.<\/p>\n<p style=\"text-align: center;\"><strong><style type=\"text\/css\" scoped=\"scoped\">.person-6a017e2a12759 .person-vcard.person-social li a i{ border-radius: 4px; background-color:#595959;}.person-6a017e2a12759 .person-vcard.person-social li a img{ border-radius: 4px; background-color:#595959;} .person-6a017e2a12759 .img-box img{ border-radius: 0px; display: inline-block;} .person-6a017e2a12759 .img-box img{border-width: 0px;border-style: solid;}<\/style><div class=\"magee-person-box  person-6a017e2a12759 \" id = \"\"><div class=\"person-img-box\"><div class=\"img-box figcaption-middle text-center fade-in\"><a target=\"_blank\" href=\"#\" ><img src=\"\"><div class=\"img-overlay primary\" style=\"background-color:rgba(0,0,0,0.5);\"><div class=\"img-overlay-container\"><div class=\"img-overlay-content\"><i class=\"fa fa-link\"><\/i><\/div><\/div><\/div><\/a><\/div><\/div> <div class=\"person-vcard text-center\"><h3 class=\"person-name\" style=\"text-transform: uppercase;\">Daniel Ignacio Arce<\/h3> <h4 class=\"person-title\" style=\"text-transform: uppercase;\">Director Terminal Quequ\u00e9n S.A.<\/h4> <p class=\"person-desc\"><\/p><ul class=\"person-social\" ><\/ul><\/div><\/div><\/strong><\/p>\n<blockquote>\n<p style=\"text-align: left;\"><strong>ALCANCE DEL SISTEMA INTEGRADO DE GESTION<\/strong><\/p>\n<\/blockquote>\n<p style=\"text-align: left;\">El Sistema Integrado de Gesti\u00f3n de Terminal Quequ\u00e9n S.A. es aplicable a los procesos de recepci\u00f3n, almacenamiento, acondicionamiento y carga en buques, de cereales, oleaginosas y pellets de oleaginosas, y al Mantenimiento de las instalaciones del Elevador de granos y playa de calado de camiones, dentro de los lineamientos de la Norma IRAM ISO 9001:2015, la Norma ISO 14001:2015 y la Norma ISO 45001:2018. Todos estos procesos son realizados en las instalaciones del elevador terminal, situado en Puerto Quequ\u00e9n &#8211; Provincia de Buenos Aires bajo jurisdicci\u00f3n del Consorcio de Gesti\u00f3n de Puerto Quequen, con sus l\u00edmites f\u00edsicos de la l\u00ednea municipal y zona primaria aduanera.<\/p>\n<p style=\"text-align: left;\"><strong>Espa\u00f1ol <\/strong><\/p>\n<p style=\"text-align: left;\">Recepci\u00f3n, almacenamiento, acondicionamiento y carga de buques de cereales, oleaginosas y pellet de oleaginosas en la empresa Terminal Quequen S.A., ubicada en Puerto Quequen, provincia de Buenos Aires.<\/p>\n<p style=\"text-align: left;\"><strong>Ingl\u00e9s <\/strong><\/p>\n<p style=\"text-align: left;\">Reception, storage, conditioning and ships-loading cereals, oilseeds and\u00a0 oilseeds pellets in Terminal Quequ\u00e9n Company SA, located in Quequ\u00e9n city Port ,Buenos Aires Province.<\/p>\n","protected":false},"excerpt":{"rendered":"<p>POLITICA SISTEMA INTEGRADO DE GESTION &#8211; Versi\u00f3n 0.7 TERMINAL QUEQUEN S.A. fundada en 1992,\u00a0como resultado\u00a0de la licitaci\u00f3n nacional e\u00a0internacional que realizara el\u00a0Ministerio de Econom\u00eda de la Naci\u00f3n\u00a0con el objeto de\u00a0dar\u00a0en\u00a0concesi\u00f3n por 30 a\u00f1os los elevadores de la\u00a0Ex-Junta Nacional de Granos.\u00a0La empresa est\u00e1\u00a0conformada por un grupo empresario: instituciones, empresas industriales y exportadoras,\u00a0todas vinculadas a la comercializaci\u00f3n de granos.\u00a0La actividad de la terminal comprende el\u00a0servicio de recepci\u00f3n de mercader\u00eda v\u00eda cami\u00f3n y\/o tren, su acondicionamiento, almacenaje y\u00a0posterior despacho a buques de ultramar.\u00a0Cereales como trigo, ma\u00edz, soja, y subproductos de la\u00a0industria oleaginosa son habitualmente comercializados.\u00a0El desaf\u00edo de la empresa\u00a0desde el\u00a0inicio, fue demostrar que la actividad privada puede asumir el control del Elevador Terminal,\u00a0cumpliendo satisfactoriamente la requisitoria del sector. A trav\u00e9s de todos sus integrantes asume el compromiso de implementar y mantener un\u00a0Sistema Integrado de Gesti\u00f3n, cumpliendo con los lineamientos de las Normas\u00a0ISO\u00a045001,\u00a0ISO 9001 e ISO 14001. Consciente de la responsabilidad que esto implica, se asignar\u00e1n los recursos humanos y\u00a0materiales necesarios para cumplirla, como as\u00ed tambi\u00e9n har\u00e1 comprender a todos y cada uno\u00a0de los miembros de la empresa la responsabilidad que les compete en el logro de este objetivo\u00a0desde sus puestos de trabajo.\u00a0De acuerdo a lo expuesto, la empresa asume el compromiso de cumplir los siguientes\u00a0principios: La Gerencia de TERMINAL QUEQUEN S.A. se compromete a comunicar esta\u00a0Pol\u00edtica a la totalidad de su Personal, Contratistas y partes interesadas; verificando que\u00a0la misma haya sido comprendida y a revisarla peri\u00f3dicamente para asegurar que sigue\u00a0siendo pertinente y apropiada para la organizaci\u00f3n. ALCANCE DEL SISTEMA INTEGRADO DE GESTION El Sistema Integrado de Gesti\u00f3n de Terminal Quequ\u00e9n S.A. es aplicable a los procesos de recepci\u00f3n, almacenamiento, acondicionamiento y carga en buques, de cereales, oleaginosas y pellets de oleaginosas, y al Mantenimiento de las instalaciones del Elevador de granos y playa de calado de camiones, dentro de los lineamientos de la Norma IRAM ISO 9001:2015, la Norma ISO 14001:2015 y la Norma ISO 45001:2018. Todos estos procesos son realizados en las instalaciones del elevador terminal, situado en Puerto Quequ\u00e9n &#8211; Provincia de Buenos Aires bajo jurisdicci\u00f3n del Consorcio de Gesti\u00f3n de Puerto Quequen, con sus l\u00edmites f\u00edsicos de la l\u00ednea municipal y zona primaria aduanera. Espa\u00f1ol Recepci\u00f3n, almacenamiento, acondicionamiento y carga de buques de cereales, oleaginosas y pellet de oleaginosas en la empresa Terminal Quequen S.A., ubicada en Puerto Quequen, provincia de Buenos Aires. Ingl\u00e9s Reception, storage, conditioning and ships-loading cereals, oilseeds and\u00a0 oilseeds pellets in Terminal Quequ\u00e9n Company SA, located in Quequ\u00e9n city Port ,Buenos Aires Province.<\/p>\n","protected":false},"author":1,"featured_media":0,"parent":0,"menu_order":0,"comment_status":"closed","ping_status":"closed","template":"","meta":[],"_links":{"self":[{"href":"https:\/\/wp.terminalquequen.com.ar\/index.php?rest_route=\/wp\/v2\/pages\/729"}],"collection":[{"href":"https:\/\/wp.terminalquequen.com.ar\/index.php?rest_route=\/wp\/v2\/pages"}],"about":[{"href":"https:\/\/wp.terminalquequen.com.ar\/index.php?rest_route=\/wp\/v2\/types\/page"}],"author":[{"embeddable":true,"href":"https:\/\/wp.terminalquequen.com.ar\/index.php?rest_route=\/wp\/v2\/users\/1"}],"replies":[{"embeddable":true,"href":"https:\/\/wp.terminalquequen.com.ar\/index.php?rest_route=%2Fwp%2Fv2%2Fcomments&post=729"}],"version-history":[{"count":40,"href":"https:\/\/wp.terminalquequen.com.ar\/index.php?rest_route=\/wp\/v2\/pages\/729\/revisions"}],"predecessor-version":[{"id":931,"href":"https:\/\/wp.terminalquequen.com.ar\/index.php?rest_route=\/wp\/v2\/pages\/729\/revisions\/931"}],"wp:attachment":[{"href":"https:\/\/wp.terminalquequen.com.ar\/index.php?rest_route=%2Fwp%2Fv2%2Fmedia&parent=729"}],"curies":[{"name":"wp","href":"https:\/\/api.w.org\/{rel}","templated":true}]}}