{"id":521,"date":"2019-01-11T18:39:35","date_gmt":"2019-01-11T21:39:35","guid":{"rendered":"https:\/\/wp.terminalquequen.com.ar\/?page_id=521"},"modified":"2019-01-25T15:02:20","modified_gmt":"2019-01-25T18:02:20","slug":"responsabilidad-social-empresaria","status":"publish","type":"page","link":"https:\/\/wp.terminalquequen.com.ar\/?page_id=521","title":{"rendered":"Responsabilidad Social Empresaria"},"content":{"rendered":"<style type=\"text\/css\">\r\n\t\t                          \r\n                                    .heading-69e26baecd960.magee-heading{\r\n                                        font-size:36px;\r\n                                        font-weight:600;\r\n                                        margin-top:0px;\r\n                                        margin-bottom:0px;\r\n                                        color: #00305c;\r\n                                        border-color: ;\r\n                                        text-align: center;\r\n                                    }\r\n                                    .heading-69e26baecd960.heading-border .heading-inner {\r\n                                        border-width: 5px;\r\n                                    }\r\n\t\t\t\t\t\t\t\t.heading-69e26baecd960.heading-doubleline .heading-inner:before,\r\n\t\t\t\t\t\t\t\t.heading-69e26baecd960.heading-doubleline .heading-inner:after {\r\n\t\t\t\t\t\t\t\t\t    border-color: ;\r\n\t\t\t\t\t\t\t\t\t    border-width: 5px;\r\n\t\t\t\t\t\t\t\t\t}\r\n                                <\/style><h1 class=\"magee-heading   heading-69e26baecd960\" id=\"\" data-fontsize=\"36px\" data-responsive=\"yes\"><span class=\"heading-inner\">Responsabilidad Social Empresaria<\/span><\/h1>\u00a0<style type=\"text\/css\" scoped=\"scoped\">.divider-69e26baecd988{ margin-top: 30px;margin-bottom:30px;width:100%;}.divider-69e26baecd988 .divider-border{border-bottom-width:13px; border-color:#f2f2f2;}.divider-69e26baecd988 .double-line.divider-inner-item .divider-inner{border-top-width: 13px; border-bottom-width: 13px;}.divider-69e26baecd988 .divider-border.divider-inner-item .divider-inner{ border-bottom-width: 13px;} <\/style><div class=\" divider divider-69e26baecd988 divider-shadow center\" id=\"\" style=\"margin-top:; margin-bottom:;\"><div class=\"divider-inner divider-border\"><\/div><\/div>\n<p>En Terminal Quequ\u00e9n estamos convencidos de que la responsabilidad social comienza en la organizaci\u00f3n, ya que las personas que trabajan en ella\u00a0son parte imprescindible\u00a0que garantiza su correcto funcionamiento, y a su vez, son\u00a0miembros activos\u00a0de la sociedad y la comunidad en la que viven. Formando de esta manera un c\u00edrculo que debe permanecer en constante movimiento.<\/p>\n<p><img decoding=\"async\" loading=\"lazy\" class=\"alignleft wp-image-522\" src=\"https:\/\/wp.terminalquequen.com.ar\/wp-content\/uploads\/2019\/01\/ayudando_a_crecer-150x150.jpg\" alt=\"\" width=\"200\" height=\"196\" srcset=\"https:\/\/wp.terminalquequen.com.ar\/wp-content\/uploads\/2019\/01\/ayudando_a_crecer-300x295.jpg 300w, https:\/\/wp.terminalquequen.com.ar\/wp-content\/uploads\/2019\/01\/ayudando_a_crecer-768x754.jpg 768w, https:\/\/wp.terminalquequen.com.ar\/wp-content\/uploads\/2019\/01\/ayudando_a_crecer.jpg 960w\" sizes=\"(max-width: 200px) 100vw, 200px\" \/><\/p>\n<p>La uni\u00f3n y las ganas de ayudar permitieron la creaci\u00f3n de la Fundaci\u00f3n \u201cAyudando a Crecer\u201d. Y ese fue el puntapi\u00e9 inicial para tener la fuerte convicci\u00f3n de que a trav\u00e9s del trabajo en equipo se pueden hacer m\u00e1s y mejores cosas por nuestra comunidad y las personas que viven en ella. Bajo este denominador com\u00fan nuestro personal, por decisi\u00f3n propia, dona mensualmente el valor de una hora extra trabajada, a su fundaci\u00f3n. La cifra resultante es duplicada y donada por la empresa. El total de lo recaudado se utiliza para comprar alimentos de primera necesidad para diversas entidades de nuestra comunidad.<\/p>\n<p>&nbsp;<\/p>\n","protected":false},"excerpt":{"rendered":"<p>\u00a0 En Terminal Quequ\u00e9n estamos convencidos de que la responsabilidad social comienza en la organizaci\u00f3n, ya que las personas que trabajan en ella\u00a0son parte imprescindible\u00a0que garantiza su correcto funcionamiento, y a su vez, son\u00a0miembros activos\u00a0de la sociedad y la comunidad en la que viven. Formando de esta manera un c\u00edrculo que debe permanecer en constante movimiento. La uni\u00f3n y las ganas de ayudar permitieron la creaci\u00f3n de la Fundaci\u00f3n \u201cAyudando a Crecer\u201d. Y ese fue el puntapi\u00e9 inicial para tener la fuerte convicci\u00f3n de que a trav\u00e9s del trabajo en equipo se pueden hacer m\u00e1s y mejores cosas por nuestra comunidad y las personas que viven en ella. Bajo este denominador com\u00fan nuestro personal, por decisi\u00f3n propia, dona mensualmente el valor de una hora extra trabajada, a su fundaci\u00f3n. La cifra resultante es duplicada y donada por la empresa. El total de lo recaudado se utiliza para comprar alimentos de primera necesidad para diversas entidades de nuestra comunidad. &nbsp;<\/p>\n","protected":false},"author":1,"featured_media":0,"parent":0,"menu_order":0,"comment_status":"closed","ping_status":"closed","template":"","meta":[],"_links":{"self":[{"href":"https:\/\/wp.terminalquequen.com.ar\/index.php?rest_route=\/wp\/v2\/pages\/521"}],"collection":[{"href":"https:\/\/wp.terminalquequen.com.ar\/index.php?rest_route=\/wp\/v2\/pages"}],"about":[{"href":"https:\/\/wp.terminalquequen.com.ar\/index.php?rest_route=\/wp\/v2\/types\/page"}],"author":[{"embeddable":true,"href":"https:\/\/wp.terminalquequen.com.ar\/index.php?rest_route=\/wp\/v2\/users\/1"}],"replies":[{"embeddable":true,"href":"https:\/\/wp.terminalquequen.com.ar\/index.php?rest_route=%2Fwp%2Fv2%2Fcomments&post=521"}],"version-history":[{"count":8,"href":"https:\/\/wp.terminalquequen.com.ar\/index.php?rest_route=\/wp\/v2\/pages\/521\/revisions"}],"predecessor-version":[{"id":772,"href":"https:\/\/wp.terminalquequen.com.ar\/index.php?rest_route=\/wp\/v2\/pages\/521\/revisions\/772"}],"wp:attachment":[{"href":"https:\/\/wp.terminalquequen.com.ar\/index.php?rest_route=%2Fwp%2Fv2%2Fmedia&parent=521"}],"curies":[{"name":"wp","href":"https:\/\/api.w.org\/{rel}","templated":true}]}}