{"id":410,"date":"2019-01-10T19:02:08","date_gmt":"2019-01-10T22:02:08","guid":{"rendered":"https:\/\/wp.terminalquequen.com.ar\/?page_id=410"},"modified":"2019-01-14T10:57:39","modified_gmt":"2019-01-14T13:57:39","slug":"visitas","status":"publish","type":"page","link":"https:\/\/wp.terminalquequen.com.ar\/?page_id=410","title":{"rendered":"Formulario de visitas"},"content":{"rendered":"<h1>Visitas grupales a nuestras instalaciones<\/h1>\n<blockquote>\n<p style=\"text-align: left;\">Destinadas a estudiantes\u00a0de diferentes niveles.<\/p>\n<\/blockquote>\n<p><strong>Programaci\u00f3n<\/strong><br \/>\nSe realizar\u00e1n solamente los Viernes durante los meses de Agosto, Septiembre, Octubre y Noviembre.<br \/>\n<strong>Contenido de visita:<\/strong><br \/>\nSe prev\u00e9 una duraci\u00f3n entre 60 a 90 minutos, dependiendo de las inquietudes de los visitantes.<br \/>\nLa misma cuenta de dos partes:<br \/>\n<strong>1\u00ba Visita Guiada:<\/strong><br \/>\nSe llevara a los visitantes a ver la descarga de los camiones en la PV4, estacionando el micro en la calle lindante a la plataforma, la observaci\u00f3n se realizar\u00e1 desde el autob\u00fas. Continuar\u00e1 el recorrido visualizando las otras plataforma y el sector de embarque de giro 6.<br \/>\nLuego descender\u00e1n del colectivo para ingresar al elevador donde podr\u00e1n observar el embarque (en caso de tener buque operando) desde la terraza de la planta baja.<br \/>\n<strong>2\u00ba Charla Did\u00e1ctica:<\/strong><br \/>\nSe realizar\u00e1 en la sala de conferencia, donde se los recibir\u00e1 y se le pasar\u00e1 un video did\u00e1ctico con el contenido de la actividad de la empresa.<br \/>\nPor \u00faltimo se dar\u00e1 lugar a consultas que traigan los alumnos.<br \/>\n<em>Material entregado:<\/em><br \/>\nSe llevar\u00e1 cada visitante una carpeta con informaci\u00f3n de la empresa.<br \/>\nLas visitas est\u00e1n armadas para grupos de hasta 15-18 personas, en caso de ser m\u00e1s concurrentes se podr\u00e1n realizar dos grupos y se trabajaran por separado, alternando las dos partes del contenido de la visita (Recorrido y charla did\u00e1ctica)<br \/>\nDurante todo momento de la visita ir\u00e1n acompa\u00f1ados por personal de Terminal Quequen S.A., junto con los adultos responsables de la escuela que participa.<br \/>\nBajo ninguna circunstancia podr\u00e1n andar visitantes solos dentro de la empresa.<\/p>\n<p><strong>Visitas extraordinarias a la empresa:<\/strong><br \/>\nLas mismas son coordinadas y autorizadas por cualquier gerente de Terminal Quequ\u00e9n, deber\u00e1 solicitarse el listado de concurrentes.<br \/>\nSe le brindara una charla institucional en la sala, y despu\u00e9s realizaran visita guiada al sector de descarga de camiones, carga de buque y tablero general de control. Durante la visita es obligatorio el uso de casco y protector ocular de los visitantes, y siempre estar\u00e1n acompa\u00f1ado por personal de Terminal Quequ\u00e9n S.A.<\/p>\n<p><strong>Formulario de solicitud de visita<\/strong><\/p>\n<div class=\"wpforms-container wpforms-container-full\" id=\"wpforms-422\"><form id=\"wpforms-form-422\" class=\"wpforms-validate wpforms-form\" data-formid=\"422\" method=\"post\" enctype=\"multipart\/form-data\" action=\"\/index.php?rest_route=%2Fwp%2Fv2%2Fpages%2F410\"><div class=\"wpforms-field-container\"><div id=\"wpforms-422-field_0-container\" class=\"wpforms-field wpforms-field-text\" data-field-id=\"0\"><label class=\"wpforms-field-label wpforms-label-hide\" for=\"wpforms-422-field_0\">Nombre del Establecimiento <span class=\"wpforms-required-label\">*<\/span><\/label><input type=\"text\" id=\"wpforms-422-field_0\" class=\"wpforms-field-medium wpforms-field-required\" name=\"wpforms[fields][0]\" placeholder=\"Nombre del Establecimiento\" required><\/div><div id=\"wpforms-422-field_3-container\" class=\"wpforms-field wpforms-field-number\" data-field-id=\"3\"><label class=\"wpforms-field-label wpforms-label-hide\" for=\"wpforms-422-field_3\">Cantidad de Alumnos <span class=\"wpforms-required-label\">*<\/span><\/label><input type=\"number\" id=\"wpforms-422-field_3\" class=\"wpforms-field-small wpforms-field-required\" name=\"wpforms[fields][3]\" placeholder=\"Cantidad de alumnos\" required><\/div><div id=\"wpforms-422-field_4-container\" class=\"wpforms-field wpforms-field-number\" data-field-id=\"4\"><label class=\"wpforms-field-label wpforms-label-hide\" for=\"wpforms-422-field_4\">Edad promedio de los alumnos <span class=\"wpforms-required-label\">*<\/span><\/label><input type=\"number\" id=\"wpforms-422-field_4\" class=\"wpforms-field-small wpforms-field-required\" name=\"wpforms[fields][4]\" placeholder=\"Edad promedio de los alumnos\" required><\/div><div id=\"wpforms-422-field_1-container\" class=\"wpforms-field wpforms-field-text\" data-field-id=\"1\"><label class=\"wpforms-field-label wpforms-label-hide\" for=\"wpforms-422-field_1\">Fecha estimativa de la visita <span class=\"wpforms-required-label\">*<\/span><\/label><input type=\"text\" id=\"wpforms-422-field_1\" class=\"wpforms-field-small wpforms-field-required\" name=\"wpforms[fields][1]\" placeholder=\"Fecha estimativa de visita\" required><\/div><div id=\"wpforms-422-field_7-container\" class=\"wpforms-field wpforms-field-email\" data-field-id=\"7\"><label class=\"wpforms-field-label wpforms-label-hide\" for=\"wpforms-422-field_7\">Direcciu00f3n de correo electru00f3nico <span class=\"wpforms-required-label\">*<\/span><\/label><input type=\"email\" id=\"wpforms-422-field_7\" class=\"wpforms-field-medium wpforms-field-required\" name=\"wpforms[fields][7]\" placeholder=\"Ingrese direcciu00f3n de correo electru00f3nico\" required><\/div><div id=\"wpforms-422-field_2-container\" class=\"wpforms-field wpforms-field-text\" data-field-id=\"2\"><label class=\"wpforms-field-label wpforms-label-hide\" for=\"wpforms-422-field_2\">Telefu00f3nos de contacto <span class=\"wpforms-required-label\">*<\/span><\/label><input type=\"text\" id=\"wpforms-422-field_2\" class=\"wpforms-field-medium wpforms-field-required\" name=\"wpforms[fields][2]\" placeholder=\"Telu00e9fonos de contacto\" required><\/div><div id=\"wpforms-422-field_9-container\" class=\"wpforms-field wpforms-field-textarea\" data-field-id=\"9\"><label class=\"wpforms-field-label wpforms-label-hide\" for=\"wpforms-422-field_9\">Comentarios<\/label><textarea id=\"wpforms-422-field_9\" class=\"wpforms-field-medium\" name=\"wpforms[fields][9]\" placeholder=\"Ingrese un cometario.\" ><\/textarea><\/div><\/div><div class=\"wpforms-submit-container\" ><input type=\"hidden\" name=\"wpforms[id]\" value=\"422\"><input type=\"hidden\" name=\"wpforms[author]\" value=\"1\"><button type=\"submit\" name=\"wpforms[submit]\" class=\"wpforms-submit \" id=\"wpforms-submit-422\" value=\"wpforms-submit\" data-alt-text=\"Enviando\">Enviar<\/button><\/div><\/form><\/div>\n<p>Una vez recibida esta solicitud, la secretaria de Terminal Quequ\u00e9n se pondr\u00e1 en contacto con\u00a0Ud. para informarle la fecha disponible y requerirle el listado de los alumnos y profesores que concurrir\u00e1n a la visita con la correspondiente notificaci\u00f3n al seguro.<\/p>\n","protected":false},"excerpt":{"rendered":"<p>Visitas grupales a nuestras instalaciones Destinadas a estudiantes\u00a0de diferentes niveles. Programaci\u00f3n Se realizar\u00e1n solamente los Viernes durante los meses de Agosto, Septiembre, Octubre y Noviembre. Contenido de visita: Se prev\u00e9 una duraci\u00f3n entre 60 a 90 minutos, dependiendo de las inquietudes de los visitantes. La misma cuenta de dos partes: 1\u00ba Visita Guiada: Se llevara a los visitantes a ver la descarga de los camiones en la PV4, estacionando el micro en la calle lindante a la plataforma, la observaci\u00f3n se realizar\u00e1 desde el autob\u00fas. Continuar\u00e1 el recorrido visualizando las otras plataforma y el sector de embarque de giro 6. Luego descender\u00e1n del colectivo para ingresar al elevador donde podr\u00e1n observar el embarque (en caso de tener buque operando) desde la terraza de la planta baja. 2\u00ba Charla Did\u00e1ctica: Se realizar\u00e1 en la sala de conferencia, donde se los recibir\u00e1 y se le pasar\u00e1 un video did\u00e1ctico con el contenido de la actividad de la empresa. Por \u00faltimo se dar\u00e1 lugar a consultas que traigan los alumnos. Material entregado: Se llevar\u00e1 cada visitante una carpeta con informaci\u00f3n de la empresa. Las visitas est\u00e1n armadas para grupos de hasta 15-18 personas, en caso de ser m\u00e1s concurrentes se podr\u00e1n realizar dos grupos y se trabajaran por separado, alternando las dos partes del contenido de la visita (Recorrido y charla did\u00e1ctica) Durante todo momento de la visita ir\u00e1n acompa\u00f1ados por personal de Terminal Quequen S.A., junto con los adultos responsables de la escuela que participa. Bajo ninguna circunstancia podr\u00e1n andar visitantes solos dentro de la empresa. Visitas extraordinarias a la empresa: Las mismas son coordinadas y autorizadas por cualquier gerente de Terminal Quequ\u00e9n, deber\u00e1 solicitarse el listado de concurrentes. Se le brindara una charla institucional en la sala, y despu\u00e9s realizaran visita guiada al sector de descarga de camiones, carga de buque y tablero general de control. Durante la visita es obligatorio el uso de casco y protector ocular de los visitantes, y siempre estar\u00e1n acompa\u00f1ado por personal de Terminal Quequ\u00e9n S.A. Formulario de solicitud de visita Una vez recibida esta solicitud, la secretaria de Terminal Quequ\u00e9n se pondr\u00e1 en contacto con\u00a0Ud. para informarle la fecha disponible y requerirle el listado de los alumnos y profesores que concurrir\u00e1n a la visita con la correspondiente notificaci\u00f3n al seguro.<\/p>\n","protected":false},"author":1,"featured_media":0,"parent":0,"menu_order":0,"comment_status":"closed","ping_status":"closed","template":"","meta":[],"_links":{"self":[{"href":"https:\/\/wp.terminalquequen.com.ar\/index.php?rest_route=\/wp\/v2\/pages\/410"}],"collection":[{"href":"https:\/\/wp.terminalquequen.com.ar\/index.php?rest_route=\/wp\/v2\/pages"}],"about":[{"href":"https:\/\/wp.terminalquequen.com.ar\/index.php?rest_route=\/wp\/v2\/types\/page"}],"author":[{"embeddable":true,"href":"https:\/\/wp.terminalquequen.com.ar\/index.php?rest_route=\/wp\/v2\/users\/1"}],"replies":[{"embeddable":true,"href":"https:\/\/wp.terminalquequen.com.ar\/index.php?rest_route=%2Fwp%2Fv2%2Fcomments&post=410"}],"version-history":[{"count":13,"href":"https:\/\/wp.terminalquequen.com.ar\/index.php?rest_route=\/wp\/v2\/pages\/410\/revisions"}],"predecessor-version":[{"id":662,"href":"https:\/\/wp.terminalquequen.com.ar\/index.php?rest_route=\/wp\/v2\/pages\/410\/revisions\/662"}],"wp:attachment":[{"href":"https:\/\/wp.terminalquequen.com.ar\/index.php?rest_route=%2Fwp%2Fv2%2Fmedia&parent=410"}],"curies":[{"name":"wp","href":"https:\/\/api.w.org\/{rel}","templated":true}]}}